{"id":2295,"date":"2022-09-30T10:24:42","date_gmt":"2022-09-30T08:24:42","guid":{"rendered":"https:\/\/josejiliberto.com\/privacy-policy\/"},"modified":"2023-10-04T12:36:40","modified_gmt":"2023-10-04T10:36:40","slug":"privacy-policy","status":"publish","type":"page","link":"https:\/\/josejiliberto.com\/en\/privacy-policy\/","title":{"rendered":"Privacy Policy"},"content":{"rendered":"<section class=\"l-section wpb_row us_custom_793eca89 height_auto full_height valign_top width_full\"><div class=\"l-section-h i-cf\"><div class=\"g-cols vc_row via_flex valign_top type_default stacking_default\"><div class=\"vc_col-sm-12 wpb_column vc_column_container\"><div class=\"vc_column-inner\"><div class=\"wpb_wrapper\"><div class=\"w-separator size_huge\"><\/div>[vc_custom_heading text=&#8221;Privacy Policy&#8221; font_container=&#8221;tag:h1|text_align:left&#8221; use_theme_fonts=&#8221;yes&#8221;]<div class=\"wpb_text_column\"><div class=\"wpb_wrapper\"><p><strong>Informaci\u00f3n sobre nuestra pol\u00edtica de protecci\u00f3n de datos y pol\u00edtica de privacidad:<\/strong><\/p>\n<p>Jose Luis Jiliberto Herrera cumple con las obligaciones impuestas en el Reglamento (UE) 2016\/679 del Parlamento Europeo y del Consejo, de 27 de abril de 2016, relativo a la protecci\u00f3n de las personas f\u00edsicas y la Ley Org\u00e1nica 3\/2018, de 5 de diciembre, de Protecci\u00f3n de Datos Personales y garant\u00eda de los derechos digitales, en lo que respecta al tratamiento de datos personales y dem\u00e1s legislaci\u00f3n que le sea aplicable, as\u00ed como la normativa vigente en cada momento que resulte de aplicaci\u00f3n, garantizando la observancia de todas las obligaciones y derechos de los afectados en cuanto al tratamiento de datos personales. Asimismo, dando cumplimiento a lo dispuesto en la Ley 34\/2002, de 11 de julio, de Servicios de la Sociedad de la Informaci\u00f3n y de Comercio Electr\u00f3nico, Jose Luis Jiliberto Herrera solicitar\u00e1 al usuario consentimiento previo para el env\u00edo de comunicaciones comerciales, en caso de que las mismas tuvieran lugar, observando igualmente todas las obligaciones y derechos de los usuarios.<\/p>\n<p>En virtud de lo anterior, se informar\u00e1 a los usuarios que deseen hacer uso de los distintos servicios ofrecidos por Jose Luis Jiliberto Herrera de la informaci\u00f3n correspondiente a la identificaci\u00f3n del responsable del fichero, finalidades del tratamiento de sus datos, as\u00ed como de la posibilidad de ejercer los derechos de acceso, rectificaci\u00f3n, cancelaci\u00f3n y oposici\u00f3n ante el responsable del fichero, todo ello mediante la lectura y previa aceptaci\u00f3n de la pol\u00edtica de privacidad de la entidad, quedando debidamente informados.<\/p>\n<h2>1. Responsable del tratamiento de datos<\/h2>\n<p><strong>Jose Luis Jiliberto Herrera<\/strong><br \/>\nNIF: 07239414-A<br \/>\nTlf: 951993591<br \/>\nDirecci\u00f3n: Plaza Benigno Santiago Pe\u00f1a, 4-1\u00ba-G, 29013, M\u00e1laga<br \/>\nEmail: estudio@josejiliberto.com<\/p>\n<h2>2. Finalidad del tratamiento de datos<\/h2>\n<p>La finalidad principal del tratamiento de sus datos personales se corresponde la posibilidad de entablar comunicaciones con usted a fin de atender a su solicitud de contacto por el formulario habilitado a tal fin, o bien para atender la relaci\u00f3n comercial que usted solicite Sus datos personales ser\u00e1n conservados para su tratamiento en nuestros sistemas en tanto se mantenga la relaci\u00f3n con nuestra entidad.<\/p>\n<p>Adicionalmente, en caso de haberlo autorizado expresamente, sus datos ser\u00e1n tratados con el fin de poder remitirle por cualquier medio, incluidos los electr\u00f3nicos, comunicaciones comerciales inform\u00e1ndole sobre los distintos productos y\/o servicios ofrecidos Jose Luis Jiliberto Herrera.<\/p>\n<p>Podr\u00e1 revocar los consentimientos otorgados a su simple solicitud dirigi\u00e9ndose a Jose Luis Jiliberto Herrera a cualquiera de las direcciones referenciadas en el punto 1 de la presente cl\u00e1usula, en el que se indican los datos de contacto de la entidad.<\/p>\n<h2>3. Legitimaci\u00f3n para el tratamiento de sus datos<\/h2>\n<p>El tratamiento de sus datos para la finalidad principal se encuentra legitimado en base a la relaci\u00f3n contractual establecida entre las parte, y para la finalidad adicional en el consentimiento por usted prestado utilizando los formularios de contacto destinados a tal fin por Jose Luis Jiliberto Herrera, para lo cual deber\u00e1 habernos proporcionado los datos requeridos en los campos obligatorios, esto es, sus datos identificativos y de contacto, sin los cuales no podremos gestionar su petici\u00f3n.<\/p>\n<p>Al facilitarnos sus datos, declara que usted es titular de los mismos, que son veraces y se encuentran totalmente actualizados. Los datos recabados en el formulario son adecuados, pertinentes y no excesivos en relaci\u00f3n a las finalidades de su tratamiento, conforme a lo indicado en el punto 2 de la presente cl\u00e1usula. Asimismo, el Jose Luis Jiliberto Herrera cancelar\u00e1 o rectificar\u00e1 los datos cuando resulten inexactos, incompletos o hayan dejado de ser necesarios o pertinentes para su finalidad.<\/p>\n<p>En virtud de lo anterior, los datos ser\u00e1n conservados para su tratamiento en nuestros sistemas mientras se mantenga dicha relaci\u00f3n con la finalidad indicada o bien por motivos leg\u00edtimos imperiosos, o el ejercicio o la defensa de posibles reclamaciones. Una vez cesada la obligaci\u00f3n de conservaci\u00f3n, sus datos podr\u00e1n ser eliminados de nuestra base de datos o, en su caso, anonimizados.<\/p>\n<p>El tratamiento de los datos con el fin de remitir boletines electr\u00f3nicos sobre servicios, eventos y noticias relacionadas con nuestra actividad profesional, se basa en el inter\u00e9s leg\u00edtimo de Jose Luis Jiliberto Herrera para llevar a cabo dichos tratamientos de acuerdo con la normativa vigente. Sus datos se mantendr\u00e1n mientras exista la relaci\u00f3n comercial, su inter\u00e9s y no exista revocaci\u00f3n por su parte.<\/p>\n<h2>4. Destinatarios de sus datos<\/h2>\n<p>Puede haber cesiones entre las entidades de las que es titular Jose Luis Jiliberto Herrera en aras del inter\u00e9s leg\u00edtimo corporativo, para poder prestar los servicios solicitados. No se ceder\u00e1n datos a otros terceros, salvo obligaci\u00f3n legal. No tendr\u00e1n lugar transferencias internacionales de datos, con la excepci\u00f3n de que el Jose Luis Jiliberto Herrera pueda contratar los servicios de proveedores ubicados en terceros pa\u00edses, previo cumplimiento de todos los requisitos establecidos por la normativa de protecci\u00f3n de datos y aplicando las garant\u00edas y salvaguardas necesarias para preservar la privacidad de los datos. Para m\u00e1s informaci\u00f3n sobre las garant\u00edas a la privacidad, podr\u00e1 dirigirse a nuestra entidad, a las direcciones indicadas en el punto 1.<\/p>\n<h2>5. Derechos de los afectados<\/h2>\n<p>Tras facilitarnos sus datos personales, le informamos de los derechos que podr\u00e1 ejercitar ante Jose Luis Jiliberto Herrera en las direcciones puestas a su disposici\u00f3n en el punto 1 de la presente cl\u00e1usula, y que le asisten:<\/p>\n<p>Tiene derecho a acceder a todos los datos personales que est\u00e9 en posesi\u00f3n del Jose Luis Jiliberto Herrera, as\u00ed como solicitar la modificaci\u00f3n de los mismos o su supresi\u00f3n.<\/p>\n<p>Podr\u00e1 solicitarnos que limitemos el tratamiento de sus datos, en cuyo caso s\u00f3lo los conservaremos para el ejercicio o la defensa de reclamaciones.<\/p>\n<p>Podr\u00e1 oponerse al tratamiento de sus datos personales, por lo que el Jose Luis Jiliberto Herrera dejar\u00e1 de tratar sus datos salvo por motivos leg\u00edtimos imperiosos, o el ejercicio o la defensa de posibles reclamaciones.<\/p>\n<p>Podr\u00e1 solicitar la portabilidad de sus datos personales, en cuyo caso le enviaremos los datos personales que figuren en nuestras bases de datos por correo electr\u00f3nico a la direcci\u00f3n que nos proporcione en su solicitud, en formato texto, legible y adaptable a las necesidades de cualquier otro responsable del tratamiento, o bien procederemos a su transmisi\u00f3n al nuevo responsable del tratamiento en el mismo formato, a la direcci\u00f3n de correo electr\u00f3nico que nos indique en su solicitud.<\/p>\n<p>Tiene derecho a no ser objeto de una decisi\u00f3n basada \u00fanicamente en el tratamiento de datos automatizados, incluida la elaboraci\u00f3n de perfiles.<\/p>\n<p>Tambi\u00e9n podr\u00e1 retirar o revocar los consentimientos que hubiera prestado de manera expresa, indic\u00e1ndolo en su solicitud.<\/p>\n<p>Los derechos de los afectados, podr\u00e1n ejercerse directamente por el interesado, aportando fotocopia del DNI o documento equivalente, a fin de acreditar su identidad o bien mediante representaci\u00f3n legal o voluntaria, en cuyo caso deber\u00e1 aportarse adem\u00e1s de fotocopia del DNI o documento equivalente del interesado, el documento acreditativo aut\u00e9ntico de la representaci\u00f3n del tercero junto a su fotocopia del DNI o documento equivalente.<\/p>\n<h2>6. Reclamaciones<\/h2>\n<p>Si considera que el tratamiento de sus datos personales vulnera la normativa o lo dispuesto en la presente cl\u00e1usula, puede presentar una reclamaci\u00f3n ante la Agencia Espa\u00f1ola de Protecci\u00f3n de Datos, que es la autoridad de control competente en la protecci\u00f3n de sus datos personales, a trav\u00e9s de su sede electr\u00f3nica o de su direcci\u00f3n postal que podr\u00e1 consultar en la web www.agpd.es.<\/p>\n<p>*** Si las consideraciones detalladas en esta Pol\u00edtica de Privacidad no son de su conformidad, rogamos no haga uso del Portal, ya que cualquier uso que haga del mismo o de los servicios y contenidos en \u00e9l incluidos implicar\u00e1 la aceptaci\u00f3n de los t\u00e9rminos legales recogidos en este texto.<\/p>\n<p>Las condiciones y t\u00e9rminos que se recogen en la presente Pol\u00edtica de Privacidad pueden variar, por lo que le invitamos a que revise estos t\u00e9rminos cuando visite de nuevo el Portal. Asimismo, la presente Pol\u00edtica de Privacidad se entender\u00e1 sin perjuicio de cualesquiera otras Condiciones Generales, y particulares, que regulen el acceso a contenidos y servicios concretos dentro del Portal.<\/p>\n<p>El usuario reconoce y acepta las condiciones de uso del Portal y se compromete a utilizarlo de conformidad con ellas. Asimismo, a hacer un uso adecuado de los servicios y contenidos del Portal y a no emplearlos para realizar actividades constitutivas de delito o il\u00edcitas.<\/p>\n<p>Jose Luis Jiliberto Herrera puede utilizar cookies cuando un usuario navega por sus sitios y p\u00e1ginas web. Puede consultar nuestra <a href=\"https:\/\/josejiliberto.com\/politica-de-cookies\">Pol\u00edtica de cookies<\/a>.<\/p>\n<\/div><\/div><div class=\"w-image us_custom_6b69c2c7 hide_on_tablets hide_on_mobiles has_height align_none\"><a href=\"https:\/\/josejiliberto.com\/en\" aria-label=\"titulo\" class=\"w-image-h\"><img decoding=\"async\" width=\"591\" height=\"145\" data-src=\"https:\/\/josejiliberto.com\/wp-content\/uploads\/2023\/10\/titulo.png\" class=\"attachment-full size-full lazyload\" alt=\"\" data-srcset=\"https:\/\/josejiliberto.com\/wp-content\/uploads\/2023\/10\/titulo.png 591w, https:\/\/josejiliberto.com\/wp-content\/uploads\/2023\/10\/titulo-300x74.png 300w\" data-sizes=\"auto, (max-width: 591px) 100vw, 591px\" src=\"data:image\/svg+xml;base64,PHN2ZyB3aWR0aD0iMSIgaGVpZ2h0PSIxIiB4bWxucz0iaHR0cDovL3d3dy53My5vcmcvMjAwMC9zdmciPjwvc3ZnPg==\" style=\"--smush-placeholder-width: 591px; --smush-placeholder-aspect-ratio: 591\/145;\" \/><\/a><\/div><\/div><\/div><\/div><\/div><\/div><\/section>\n","protected":false},"excerpt":{"rendered":"[vc_custom_heading text=\"Privacy Policy\" font_container=\"tag:h1|text_align:left\" use_theme_fonts=\"yes\"]Informaci\u00f3n sobre nuestra pol\u00edtica de protecci\u00f3n de datos y pol\u00edtica de privacidad: Jose Luis Jiliberto Herrera cumple con las obligaciones impuestas en el Reglamento (UE) 2016\/679 del Parlamento Europeo y del Consejo, de 27 de abril de 2016, relativo a la protecci\u00f3n de las personas f\u00edsicas y la Ley Org\u00e1nica 3\/2018,...","protected":false},"author":1,"featured_media":0,"parent":0,"menu_order":0,"comment_status":"closed","ping_status":"open","template":"","meta":{"footnotes":""},"class_list":["post-2295","page","type-page","status-publish","hentry"],"yoast_head":"<!-- This site is optimized with the Yoast SEO plugin v26.2 - https:\/\/yoast.com\/wordpress\/plugins\/seo\/ -->\n<title>Privacy Policy - Jose Jiliberto<\/title>\n<meta name=\"robots\" content=\"noindex, follow\" \/>\n<meta property=\"og:locale\" content=\"en_US\" \/>\n<meta property=\"og:type\" content=\"article\" \/>\n<meta property=\"og:title\" content=\"Privacy Policy - Jose Jiliberto\" \/>\n<meta property=\"og:url\" content=\"https:\/\/josejiliberto.com\/en\/privacy-policy\/\" \/>\n<meta property=\"og:site_name\" content=\"Jose Jiliberto\" \/>\n<meta property=\"article:modified_time\" content=\"2023-10-04T10:36:40+00:00\" \/>\n<meta name=\"twitter:card\" content=\"summary_large_image\" \/>\n<meta name=\"twitter:label1\" content=\"Est. reading time\" \/>\n\t<meta name=\"twitter:data1\" content=\"7 minutes\" \/>\n<script type=\"application\/ld+json\" class=\"yoast-schema-graph\">{\"@context\":\"https:\/\/schema.org\",\"@graph\":[{\"@type\":\"WebPage\",\"@id\":\"https:\/\/josejiliberto.com\/en\/privacy-policy\/\",\"url\":\"https:\/\/josejiliberto.com\/en\/privacy-policy\/\",\"name\":\"Privacy Policy - Jose Jiliberto\",\"isPartOf\":{\"@id\":\"https:\/\/josejiliberto.com\/en\/#website\"},\"datePublished\":\"2022-09-30T08:24:42+00:00\",\"dateModified\":\"2023-10-04T10:36:40+00:00\",\"breadcrumb\":{\"@id\":\"https:\/\/josejiliberto.com\/en\/privacy-policy\/#breadcrumb\"},\"inLanguage\":\"en-US\",\"potentialAction\":[{\"@type\":\"ReadAction\",\"target\":[\"https:\/\/josejiliberto.com\/en\/privacy-policy\/\"]}]},{\"@type\":\"BreadcrumbList\",\"@id\":\"https:\/\/josejiliberto.com\/en\/privacy-policy\/#breadcrumb\",\"itemListElement\":[{\"@type\":\"ListItem\",\"position\":1,\"name\":\"Portada\",\"item\":\"https:\/\/josejiliberto.com\/en\/\"},{\"@type\":\"ListItem\",\"position\":2,\"name\":\"Privacy Policy\"}]},{\"@type\":\"WebSite\",\"@id\":\"https:\/\/josejiliberto.com\/en\/#website\",\"url\":\"https:\/\/josejiliberto.com\/en\/\",\"name\":\"Jose Jiliberto\",\"description\":\"Estudio de arquitectura\",\"potentialAction\":[{\"@type\":\"SearchAction\",\"target\":{\"@type\":\"EntryPoint\",\"urlTemplate\":\"https:\/\/josejiliberto.com\/en\/?s={search_term_string}\"},\"query-input\":{\"@type\":\"PropertyValueSpecification\",\"valueRequired\":true,\"valueName\":\"search_term_string\"}}],\"inLanguage\":\"en-US\"}]}<\/script>\n<!-- \/ Yoast SEO plugin. -->","yoast_head_json":{"title":"Privacy Policy - Jose Jiliberto","robots":{"index":"noindex","follow":"follow"},"og_locale":"en_US","og_type":"article","og_title":"Privacy Policy - Jose Jiliberto","og_url":"https:\/\/josejiliberto.com\/en\/privacy-policy\/","og_site_name":"Jose Jiliberto","article_modified_time":"2023-10-04T10:36:40+00:00","twitter_card":"summary_large_image","twitter_misc":{"Est. reading time":"7 minutes"},"schema":{"@context":"https:\/\/schema.org","@graph":[{"@type":"WebPage","@id":"https:\/\/josejiliberto.com\/en\/privacy-policy\/","url":"https:\/\/josejiliberto.com\/en\/privacy-policy\/","name":"Privacy Policy - Jose Jiliberto","isPartOf":{"@id":"https:\/\/josejiliberto.com\/en\/#website"},"datePublished":"2022-09-30T08:24:42+00:00","dateModified":"2023-10-04T10:36:40+00:00","breadcrumb":{"@id":"https:\/\/josejiliberto.com\/en\/privacy-policy\/#breadcrumb"},"inLanguage":"en-US","potentialAction":[{"@type":"ReadAction","target":["https:\/\/josejiliberto.com\/en\/privacy-policy\/"]}]},{"@type":"BreadcrumbList","@id":"https:\/\/josejiliberto.com\/en\/privacy-policy\/#breadcrumb","itemListElement":[{"@type":"ListItem","position":1,"name":"Portada","item":"https:\/\/josejiliberto.com\/en\/"},{"@type":"ListItem","position":2,"name":"Privacy Policy"}]},{"@type":"WebSite","@id":"https:\/\/josejiliberto.com\/en\/#website","url":"https:\/\/josejiliberto.com\/en\/","name":"Jose Jiliberto","description":"Estudio de arquitectura","potentialAction":[{"@type":"SearchAction","target":{"@type":"EntryPoint","urlTemplate":"https:\/\/josejiliberto.com\/en\/?s={search_term_string}"},"query-input":{"@type":"PropertyValueSpecification","valueRequired":true,"valueName":"search_term_string"}}],"inLanguage":"en-US"}]}},"_links":{"self":[{"href":"https:\/\/josejiliberto.com\/en\/wp-json\/wp\/v2\/pages\/2295","targetHints":{"allow":["GET"]}}],"collection":[{"href":"https:\/\/josejiliberto.com\/en\/wp-json\/wp\/v2\/pages"}],"about":[{"href":"https:\/\/josejiliberto.com\/en\/wp-json\/wp\/v2\/types\/page"}],"author":[{"embeddable":true,"href":"https:\/\/josejiliberto.com\/en\/wp-json\/wp\/v2\/users\/1"}],"replies":[{"embeddable":true,"href":"https:\/\/josejiliberto.com\/en\/wp-json\/wp\/v2\/comments?post=2295"}],"version-history":[{"count":5,"href":"https:\/\/josejiliberto.com\/en\/wp-json\/wp\/v2\/pages\/2295\/revisions"}],"predecessor-version":[{"id":3671,"href":"https:\/\/josejiliberto.com\/en\/wp-json\/wp\/v2\/pages\/2295\/revisions\/3671"}],"wp:attachment":[{"href":"https:\/\/josejiliberto.com\/en\/wp-json\/wp\/v2\/media?parent=2295"}],"curies":[{"name":"wp","href":"https:\/\/api.w.org\/{rel}","templated":true}]}}