{"id":2289,"date":"2022-09-30T13:44:00","date_gmt":"2022-09-30T11:44:00","guid":{"rendered":"https:\/\/josejiliberto.com\/legal-warning\/"},"modified":"2023-10-04T12:20:42","modified_gmt":"2023-10-04T10:20:42","slug":"legal-warning","status":"publish","type":"page","link":"https:\/\/josejiliberto.com\/en\/legal-warning\/","title":{"rendered":"Legal Warning"},"content":{"rendered":"<section class=\"l-section wpb_row us_custom_793eca89 height_auto full_height valign_top width_full\"><div class=\"l-section-h i-cf\"><div class=\"g-cols vc_row via_flex valign_top type_default stacking_default\"><div class=\"vc_col-sm-12 wpb_column vc_column_container\"><div class=\"vc_column-inner\"><div class=\"wpb_wrapper\"><div class=\"w-separator size_huge\"><\/div>[vc_custom_heading text=&#8221;Legal Warning&#8221; font_container=&#8221;tag:h1|text_align:left&#8221; use_theme_fonts=&#8221;yes&#8221;]<div class=\"wpb_text_column\"><div class=\"wpb_wrapper\"><p>Para dar cumplimiento a lo establecido en la Ley 34\/2002 de 11 de Julio, de Servicios de la Sociedad de la Informaci\u00f3n y de Comercio Electr\u00f3nico (LSSICE), a continuaci\u00f3n se indican los datos de informaci\u00f3n general del sitio web <a href=\"https:\/\/josejiliberto.com\/\">https:\/\/josejiliberto.com\/<\/a><\/p>\n<h2>1. Entidad<\/h2>\n<p><strong>Jose Luis Jiliberto Herrera<\/strong><br \/>\nNIF: 07239414-A<br \/>\nTlf: 951993591<br \/>\nDirecci\u00f3n: Plaza Benigno Santiago Pe\u00f1a, 4-1\u00ba-G, 29013, M\u00e1laga<br \/>\nEmail: estudio@josejiliberto.com<\/p>\n<h2>2. Utilizaci\u00f3n del Sitio Web<\/h2>\n<p>El sitio Web es ofrecido con fines promocionales, informando sobre los distintos servicios ofrecidos por Jose Luis Jiliberto Herrera, empresa dedicada a prestar servicios de arquitectura, reformas, mantenimiento de edificios y estructuras urban\u00edsticas y direcci\u00f3n de construcciones.<\/p>\n<p>Jose Luis Jiliberto Herrera, podr\u00e1 dejar de prestar los servicios de informaci\u00f3n ofrecidos en este sitio Web sin mediar ninguna comunicaci\u00f3n con el usuario, lo que no acarrear\u00e1 ninguna obligaci\u00f3n legal para con el mismo o terceros.<\/p>\n<h2>3. Privacidad<\/h2>\n<p>La informaci\u00f3n que Jose Luis Jiliberto Herrera pueda recabar de los usuarios de este sitio web se utilizar\u00e1 exclusivamente para facilitar a los interesados que as\u00ed lo solicitaran informaci\u00f3n y\/o para contestar a cuantas consultas estimara oportunas el usuario.<\/p>\n<p>Para m\u00e1s informaci\u00f3n consulte nuestra Pol\u00edtica de Privacidad.<\/p>\n<h2>4. V\u00ednculos a Terceros<\/h2>\n<p>En el caso de v\u00ednculos a sitios de terceros, el usuario pasar\u00e1 a estar regido por los T\u00e9rminos de Uso y Pol\u00edtica de Privacidad del nuevo sitio, aceptando que Jose Luis Jiliberto Herrera, no ser\u00e1 responsable ni tendr\u00e1 obligaci\u00f3n legal por el uso de tales sitios.<\/p>\n<h2>5. Propiedad intelectual<\/h2>\n<p>Jose Luis Jiliberto Herrera, por s\u00ed mismo o como cesionario o licenciatario, es titular de todos los derechos de propiedad intelectual e industrial de los elementos que componen este sitio web, quedando as\u00ed todos los derechos reservados. Quedando expresamente prohibidas conductas como la reproducci\u00f3n, distribuci\u00f3n y comunicaci\u00f3n p\u00fablica, incluida su modalidad de puesta a disposici\u00f3n total o parcial de los contenidos de esta web para fines comerciales conforme a los art\u00edculos 8 y 21 de la Ley de Propiedad Intelectual.<\/p>\n<p>El usuario\/a de la web en todo caso puede visualizar los elementos y contenidos de esta web y podr\u00e1 imprimirlos, almacenarlos e incluso copiarlos en cualquier soporte, siempre que se destinen a uso estrictamente personal y de \u00e1mbito privado.<\/p>\n<h2>6. Condiciones de uso y responsabilidad<\/h2>\n<p>El usuario de la web de Jose Luis Jiliberto Herrera se compromete a hacer un uso acorde con la legalidad, la moral y el orden p\u00fablico de esta web.<\/p>\n<p>Que podemos concretar en siguientes comportamientos que el usuario deber\u00e1 abstenerse de realizar:<\/p>\n<p>Uso no autorizado o con fines fraudulentos del sitio web.<br \/>\nIntentar accesos no autorizados por su leg\u00edtimo titular.<br \/>\nCualquier uso del portal web con fines il\u00edcitos, o lesivos para terceros o con intenci\u00f3n de perjudicar al sitio y al resto de usuarios del mismo.<br \/>\nProducir cualquier da\u00f1o a los sistemas que esta web pudiera tener instalados para su funcionamiento.<\/p>\n<p>El titular de Jose Luis Jiliberto Herrera, s\u00f3lo ser\u00e1 responsable de aquellos contenidos creados y agregados por \u00e9l mismo, no de enlaces que pudieran incorporar terceros, o aquellos externos que redirigen a otra web que desde luego no controla su alteraci\u00f3n.<br \/>\nEl propietario, se reserva el derecho de realizar cuantas alteraciones considere oportunas sin previo aviso, tanto de sus contenidos como de los servicios que oferta. Adem\u00e1s, se reserva el derecho de aprobar o retirar contenidos que no considere oportunos a\u00f1adidos por terceros.<\/p>\n<h2>7. Modificaciones de los T\u00e9rminos de Uso<\/h2>\n<p>Jose Luis Jiliberto Herrera, se reserva el derecho de modificar sus t\u00e9rminos de uso y Pol\u00edtica de Privacidad cuando lo considere adecuado. El usuario se obliga a revisar el contenido de estos t\u00e9rminos de uso, ya que los mismos pueden ser modificados sin previo aviso. Asimismo, comprende y acepta todas y cada una de las cl\u00e1usulas contenidas en el presente documento. Es de la entera responsabilidad del usuario revisar los t\u00e9rminos antes mencionados.<\/p>\n<h2>8. Ley aplicable y jurisdicci\u00f3n<\/h2>\n<p>La ley aplicable en caso de disputa o conflicto de interpretaci\u00f3n de los t\u00e9rminos que conforman este Aviso Legal, as\u00ed como cualquier cuesti\u00f3n relacionada con los servicios del presente Portal, ser\u00e1 la ley espa\u00f1ola.<br \/>\nPara la resoluci\u00f3n de cualquier conflicto que pueda surgir con ocasi\u00f3n de la visita al Portal o del uso de los contenidos que en \u00e9l se puedan publicar, \u00e9stos se dirimir\u00e1n en los Juzgados y Tribunales que correspondan.<\/p>\n<\/div><\/div><div class=\"w-image us_custom_6b69c2c7 hide_on_tablets hide_on_mobiles has_height align_none\"><a href=\"https:\/\/josejiliberto.com\/en\" aria-label=\"titulo\" class=\"w-image-h\"><img decoding=\"async\" width=\"591\" height=\"145\" data-src=\"https:\/\/josejiliberto.com\/wp-content\/uploads\/2023\/10\/titulo.png\" class=\"attachment-full size-full lazyload\" alt=\"\" data-srcset=\"https:\/\/josejiliberto.com\/wp-content\/uploads\/2023\/10\/titulo.png 591w, https:\/\/josejiliberto.com\/wp-content\/uploads\/2023\/10\/titulo-300x74.png 300w\" data-sizes=\"auto, (max-width: 591px) 100vw, 591px\" src=\"data:image\/svg+xml;base64,PHN2ZyB3aWR0aD0iMSIgaGVpZ2h0PSIxIiB4bWxucz0iaHR0cDovL3d3dy53My5vcmcvMjAwMC9zdmciPjwvc3ZnPg==\" style=\"--smush-placeholder-width: 591px; --smush-placeholder-aspect-ratio: 591\/145;\" \/><\/a><\/div><\/div><\/div><\/div><\/div><\/div><\/section>\n","protected":false},"excerpt":{"rendered":"[vc_custom_heading text=\"Legal Warning\" font_container=\"tag:h1|text_align:left\" use_theme_fonts=\"yes\"]Para dar cumplimiento a lo establecido en la Ley 34\/2002 de 11 de Julio, de Servicios de la Sociedad de la Informaci\u00f3n y de Comercio Electr\u00f3nico (LSSICE), a continuaci\u00f3n se indican los datos de informaci\u00f3n general del sitio web https:\/\/josejiliberto.com\/ 1. Entidad Jose Luis Jiliberto Herrera NIF: 07239414-A Tlf: 951993591 Direcci\u00f3n:...","protected":false},"author":1,"featured_media":0,"parent":0,"menu_order":0,"comment_status":"closed","ping_status":"open","template":"","meta":{"footnotes":""},"class_list":["post-2289","page","type-page","status-publish","hentry"],"yoast_head":"<!-- This site is optimized with the Yoast SEO plugin v26.2 - https:\/\/yoast.com\/wordpress\/plugins\/seo\/ -->\n<title>Legal Warning - Jose Jiliberto<\/title>\n<meta name=\"robots\" content=\"noindex, follow\" \/>\n<meta property=\"og:locale\" content=\"en_US\" \/>\n<meta property=\"og:type\" content=\"article\" \/>\n<meta property=\"og:title\" content=\"Legal Warning - Jose Jiliberto\" \/>\n<meta property=\"og:url\" content=\"https:\/\/josejiliberto.com\/en\/legal-warning\/\" \/>\n<meta property=\"og:site_name\" content=\"Jose Jiliberto\" \/>\n<meta property=\"article:modified_time\" content=\"2023-10-04T10:20:42+00:00\" \/>\n<meta name=\"twitter:card\" content=\"summary_large_image\" \/>\n<meta name=\"twitter:label1\" content=\"Est. reading time\" \/>\n\t<meta name=\"twitter:data1\" content=\"4 minutes\" \/>\n<script type=\"application\/ld+json\" class=\"yoast-schema-graph\">{\"@context\":\"https:\/\/schema.org\",\"@graph\":[{\"@type\":\"WebPage\",\"@id\":\"https:\/\/josejiliberto.com\/en\/legal-warning\/\",\"url\":\"https:\/\/josejiliberto.com\/en\/legal-warning\/\",\"name\":\"Legal Warning - Jose Jiliberto\",\"isPartOf\":{\"@id\":\"https:\/\/josejiliberto.com\/en\/#website\"},\"datePublished\":\"2022-09-30T11:44:00+00:00\",\"dateModified\":\"2023-10-04T10:20:42+00:00\",\"breadcrumb\":{\"@id\":\"https:\/\/josejiliberto.com\/en\/legal-warning\/#breadcrumb\"},\"inLanguage\":\"en-US\",\"potentialAction\":[{\"@type\":\"ReadAction\",\"target\":[\"https:\/\/josejiliberto.com\/en\/legal-warning\/\"]}]},{\"@type\":\"BreadcrumbList\",\"@id\":\"https:\/\/josejiliberto.com\/en\/legal-warning\/#breadcrumb\",\"itemListElement\":[{\"@type\":\"ListItem\",\"position\":1,\"name\":\"Portada\",\"item\":\"https:\/\/josejiliberto.com\/en\/\"},{\"@type\":\"ListItem\",\"position\":2,\"name\":\"Legal Warning\"}]},{\"@type\":\"WebSite\",\"@id\":\"https:\/\/josejiliberto.com\/en\/#website\",\"url\":\"https:\/\/josejiliberto.com\/en\/\",\"name\":\"Jose Jiliberto\",\"description\":\"Estudio de arquitectura\",\"potentialAction\":[{\"@type\":\"SearchAction\",\"target\":{\"@type\":\"EntryPoint\",\"urlTemplate\":\"https:\/\/josejiliberto.com\/en\/?s={search_term_string}\"},\"query-input\":{\"@type\":\"PropertyValueSpecification\",\"valueRequired\":true,\"valueName\":\"search_term_string\"}}],\"inLanguage\":\"en-US\"}]}<\/script>\n<!-- \/ Yoast SEO plugin. -->","yoast_head_json":{"title":"Legal Warning - Jose Jiliberto","robots":{"index":"noindex","follow":"follow"},"og_locale":"en_US","og_type":"article","og_title":"Legal Warning - Jose Jiliberto","og_url":"https:\/\/josejiliberto.com\/en\/legal-warning\/","og_site_name":"Jose Jiliberto","article_modified_time":"2023-10-04T10:20:42+00:00","twitter_card":"summary_large_image","twitter_misc":{"Est. reading time":"4 minutes"},"schema":{"@context":"https:\/\/schema.org","@graph":[{"@type":"WebPage","@id":"https:\/\/josejiliberto.com\/en\/legal-warning\/","url":"https:\/\/josejiliberto.com\/en\/legal-warning\/","name":"Legal Warning - Jose Jiliberto","isPartOf":{"@id":"https:\/\/josejiliberto.com\/en\/#website"},"datePublished":"2022-09-30T11:44:00+00:00","dateModified":"2023-10-04T10:20:42+00:00","breadcrumb":{"@id":"https:\/\/josejiliberto.com\/en\/legal-warning\/#breadcrumb"},"inLanguage":"en-US","potentialAction":[{"@type":"ReadAction","target":["https:\/\/josejiliberto.com\/en\/legal-warning\/"]}]},{"@type":"BreadcrumbList","@id":"https:\/\/josejiliberto.com\/en\/legal-warning\/#breadcrumb","itemListElement":[{"@type":"ListItem","position":1,"name":"Portada","item":"https:\/\/josejiliberto.com\/en\/"},{"@type":"ListItem","position":2,"name":"Legal Warning"}]},{"@type":"WebSite","@id":"https:\/\/josejiliberto.com\/en\/#website","url":"https:\/\/josejiliberto.com\/en\/","name":"Jose Jiliberto","description":"Estudio de arquitectura","potentialAction":[{"@type":"SearchAction","target":{"@type":"EntryPoint","urlTemplate":"https:\/\/josejiliberto.com\/en\/?s={search_term_string}"},"query-input":{"@type":"PropertyValueSpecification","valueRequired":true,"valueName":"search_term_string"}}],"inLanguage":"en-US"}]}},"_links":{"self":[{"href":"https:\/\/josejiliberto.com\/en\/wp-json\/wp\/v2\/pages\/2289","targetHints":{"allow":["GET"]}}],"collection":[{"href":"https:\/\/josejiliberto.com\/en\/wp-json\/wp\/v2\/pages"}],"about":[{"href":"https:\/\/josejiliberto.com\/en\/wp-json\/wp\/v2\/types\/page"}],"author":[{"embeddable":true,"href":"https:\/\/josejiliberto.com\/en\/wp-json\/wp\/v2\/users\/1"}],"replies":[{"embeddable":true,"href":"https:\/\/josejiliberto.com\/en\/wp-json\/wp\/v2\/comments?post=2289"}],"version-history":[{"count":13,"href":"https:\/\/josejiliberto.com\/en\/wp-json\/wp\/v2\/pages\/2289\/revisions"}],"predecessor-version":[{"id":3633,"href":"https:\/\/josejiliberto.com\/en\/wp-json\/wp\/v2\/pages\/2289\/revisions\/3633"}],"wp:attachment":[{"href":"https:\/\/josejiliberto.com\/en\/wp-json\/wp\/v2\/media?parent=2289"}],"curies":[{"name":"wp","href":"https:\/\/api.w.org\/{rel}","templated":true}]}}