{"id":2286,"date":"2023-09-20T12:13:48","date_gmt":"2023-09-20T10:13:48","guid":{"rendered":"https:\/\/josejiliberto.com\/about-us\/"},"modified":"2023-10-04T12:38:37","modified_gmt":"2023-10-04T10:38:37","slug":"about-us","status":"publish","type":"page","link":"https:\/\/josejiliberto.com\/en\/about-us\/","title":{"rendered":"About Us"},"content":{"rendered":"<section class=\"l-section wpb_row us_custom_793eca89 height_auto full_height valign_top width_full\"><div class=\"l-section-h i-cf\"><div class=\"g-cols vc_row via_flex valign_top type_default stacking_default\"><div class=\"vc_col-sm-12 wpb_column vc_column_container\"><div class=\"vc_column-inner\"><div class=\"wpb_wrapper\"><div class=\"w-separator size_huge\"><\/div><div class=\"g-cols wpb_row via_flex valign_top type_default stacking_default\"><div class=\"vc_col-sm-10 wpb_column vc_column_container\"><div class=\"vc_column-inner\"><div class=\"wpb_wrapper\"><div class=\"wpb_text_column\"><div class=\"wpb_wrapper\"><h1>About Us<\/h1>\n<\/div><\/div><\/div><\/div><\/div><div class=\"vc_col-sm-2 wpb_column vc_column_container\"><div class=\"vc_column-inner\"><div class=\"wpb_wrapper\"><\/div><\/div><\/div><\/div><div class=\"w-separator size_medium\"><\/div><div class=\"g-cols wpb_row via_flex valign_middle type_default reversed stacking_default\"><div class=\"vc_col-sm-5 wpb_column vc_column_container\"><div class=\"vc_column-inner\"><div class=\"wpb_wrapper\"><div class=\"w-image align_center\"><div class=\"w-image-h\"><img decoding=\"async\" width=\"675\" height=\"1024\" data-src=\"https:\/\/josejiliberto.com\/wp-content\/uploads\/2023\/09\/w-josejiliberto-3-675x1024-1.jpg\" class=\"attachment-large size-large lazyload\" alt=\"\" data-srcset=\"https:\/\/josejiliberto.com\/wp-content\/uploads\/2023\/09\/w-josejiliberto-3-675x1024-1.jpg 675w, https:\/\/josejiliberto.com\/wp-content\/uploads\/2023\/09\/w-josejiliberto-3-675x1024-1-198x300.jpg 198w\" data-sizes=\"auto, (max-width: 675px) 100vw, 675px\" src=\"data:image\/svg+xml;base64,PHN2ZyB3aWR0aD0iMSIgaGVpZ2h0PSIxIiB4bWxucz0iaHR0cDovL3d3dy53My5vcmcvMjAwMC9zdmciPjwvc3ZnPg==\" style=\"--smush-placeholder-width: 675px; --smush-placeholder-aspect-ratio: 675\/1024;\" \/><\/div><\/div><\/div><\/div><\/div><div class=\"vc_col-sm-6 wpb_column vc_column_container\"><div class=\"vc_column-inner\"><div class=\"wpb_wrapper\"><div class=\"wpb_text_column\"><div class=\"wpb_wrapper\"><div class=\"row\">\n<div class=\"col-md-6 \">\n<p>Architectural office founded by Jos\u00e9 Luis Jiliberto Herrera, PhD. Architect, born in Chile in 1959, graduated from the Technical School of Architecture of Madrid in 1989.<\/p>\n<p>Architecture office based in M\u00e1laga since 2002.<\/p>\n<p>He is currently professor of architectural projects at the Technical School of Architecture of the University of Malaga. (since 2006).<\/p>\n<p>Throughout this time the office has collaborated and \/ or worked with numerous professionals.<\/p>\n<\/div>\n<\/div>\n<\/div><\/div><\/div><\/div><\/div><div class=\"vc_col-sm-1 wpb_column vc_column_container\"><div class=\"vc_column-inner\"><div class=\"wpb_wrapper\"><\/div><\/div><\/div><\/div><div class=\"w-separator size_large\"><\/div><div class=\"g-cols wpb_row via_flex valign_middle type_default stacking_default\"><div class=\"vc_col-sm-6 wpb_column vc_column_container\"><div class=\"vc_column-inner\"><div class=\"wpb_wrapper\"><div class=\"wpb_text_column\"><div class=\"wpb_wrapper\"><div class=\"row\">\n<div class=\"col-md-6 \">\n<p>Throughout this time the office has collaborated and \/ or worked with numerous professionals.<\/p>\n<ul>\n<li>Jos\u00e9 Luis I\u00f1iguez de Onzo\u00f1o, Architect<\/li>\n<li>Carmen de Juan Mart\u00ednez, Architect<\/li>\n<li>Ana Gonzalez de Quevedo, Architect<\/li>\n<li>Carlos Asensio-Wandosell, Architect<\/li>\n<li>Alfonso Magaz Robain, Architect<\/li>\n<li>Eduardo Rojas Moyano, Architect<\/li>\n<li>Javier Ingelmo, Architect<\/li>\n<li>Antonio Sanchez, Architect<\/li>\n<li>Nieves Caba\u00f1as, Architect<\/li>\n<li>Beltr\u00e1n Valent\u00edn-Gamazo, Architect<\/li>\n<li>Javier de Mateo, Architect<\/li>\n<li>Antonio Mar\u00edn, Architect<\/li>\n<li>Antonio de las Casas Gomez, Engineer<\/li>\n<li>Francisco Garcia, Portico Arquiresa Architect<\/li>\n<li>Francisco Bueno Villena, Technical Architect<\/li>\n<li>Miguel Carbajo de la Fuente, Technical Architect<\/li>\n<li>Diego Rojas Sanchez, Technical Architect<\/li>\n<li>Enrique Solano, Engineer<\/li>\n<li>Jos\u00e9 Luis Martinez Barrios, Technical Architect<\/li>\n<\/ul>\n<\/div>\n<\/div>\n<\/div><\/div><\/div><\/div><\/div><div class=\"vc_col-sm-5 wpb_column vc_column_container\"><div class=\"vc_column-inner\"><div class=\"wpb_wrapper\"><div class=\"w-image align_center\"><div class=\"w-image-h\"><img decoding=\"async\" width=\"778\" height=\"1024\" data-src=\"https:\/\/josejiliberto.com\/wp-content\/uploads\/2023\/09\/w-josejiliberto-2-1-778x1024-1.jpg\" class=\"attachment-large size-large lazyload\" alt=\"\" data-srcset=\"https:\/\/josejiliberto.com\/wp-content\/uploads\/2023\/09\/w-josejiliberto-2-1-778x1024-1.jpg 778w, https:\/\/josejiliberto.com\/wp-content\/uploads\/2023\/09\/w-josejiliberto-2-1-778x1024-1-228x300.jpg 228w\" data-sizes=\"auto, (max-width: 778px) 100vw, 778px\" src=\"data:image\/svg+xml;base64,PHN2ZyB3aWR0aD0iMSIgaGVpZ2h0PSIxIiB4bWxucz0iaHR0cDovL3d3dy53My5vcmcvMjAwMC9zdmciPjwvc3ZnPg==\" style=\"--smush-placeholder-width: 778px; --smush-placeholder-aspect-ratio: 778\/1024;\" \/><\/div><\/div><\/div><\/div><\/div><div class=\"vc_col-sm-1 wpb_column vc_column_container\"><div class=\"vc_column-inner\"><div class=\"wpb_wrapper\"><\/div><\/div><\/div><\/div><div class=\"w-image us_custom_6b69c2c7 hide_on_tablets hide_on_mobiles has_height align_none\"><a href=\"https:\/\/josejiliberto.com\/en\/\" aria-label=\"titulo\" class=\"w-image-h\"><img decoding=\"async\" width=\"591\" height=\"145\" data-src=\"https:\/\/josejiliberto.com\/wp-content\/uploads\/2023\/10\/titulo.png\" class=\"attachment-full size-full lazyload\" alt=\"\" data-srcset=\"https:\/\/josejiliberto.com\/wp-content\/uploads\/2023\/10\/titulo.png 591w, https:\/\/josejiliberto.com\/wp-content\/uploads\/2023\/10\/titulo-300x74.png 300w\" data-sizes=\"auto, (max-width: 591px) 100vw, 591px\" src=\"data:image\/svg+xml;base64,PHN2ZyB3aWR0aD0iMSIgaGVpZ2h0PSIxIiB4bWxucz0iaHR0cDovL3d3dy53My5vcmcvMjAwMC9zdmciPjwvc3ZnPg==\" style=\"--smush-placeholder-width: 591px; --smush-placeholder-aspect-ratio: 591\/145;\" \/><\/a><\/div><\/div><\/div><\/div><\/div><\/div><\/section>\n","protected":false},"excerpt":{"rendered":"About Us Architectural office founded by Jos\u00e9 Luis Jiliberto Herrera, PhD. Architect, born in Chile in 1959, graduated from the Technical School of Architecture of Madrid in 1989. Architecture office based in M\u00e1laga since 2002. He is currently professor of architectural projects at the Technical School of Architecture of the University of Malaga. (since 2006)....","protected":false},"author":1,"featured_media":0,"parent":0,"menu_order":0,"comment_status":"closed","ping_status":"open","template":"","meta":{"footnotes":""},"class_list":["post-2286","page","type-page","status-publish","hentry"],"yoast_head":"<!-- This site is optimized with the Yoast SEO plugin v26.2 - https:\/\/yoast.com\/wordpress\/plugins\/seo\/ -->\n<title>About Us - Jose Jiliberto<\/title>\n<meta name=\"robots\" content=\"index, follow, max-snippet:-1, max-image-preview:large, max-video-preview:-1\" \/>\n<link rel=\"canonical\" href=\"https:\/\/josejiliberto.com\/en\/about-us\/\" \/>\n<meta property=\"og:locale\" content=\"en_US\" \/>\n<meta property=\"og:type\" content=\"article\" \/>\n<meta property=\"og:title\" content=\"About Us - Jose Jiliberto\" \/>\n<meta property=\"og:url\" content=\"https:\/\/josejiliberto.com\/en\/about-us\/\" \/>\n<meta property=\"og:site_name\" content=\"Jose Jiliberto\" \/>\n<meta property=\"article:modified_time\" content=\"2023-10-04T10:38:37+00:00\" \/>\n<meta name=\"twitter:card\" content=\"summary_large_image\" \/>\n<meta name=\"twitter:label1\" content=\"Est. reading time\" \/>\n\t<meta name=\"twitter:data1\" content=\"1 minute\" \/>\n<script type=\"application\/ld+json\" class=\"yoast-schema-graph\">{\"@context\":\"https:\/\/schema.org\",\"@graph\":[{\"@type\":\"WebPage\",\"@id\":\"https:\/\/josejiliberto.com\/en\/about-us\/\",\"url\":\"https:\/\/josejiliberto.com\/en\/about-us\/\",\"name\":\"About Us - Jose Jiliberto\",\"isPartOf\":{\"@id\":\"https:\/\/josejiliberto.com\/en\/#website\"},\"datePublished\":\"2023-09-20T10:13:48+00:00\",\"dateModified\":\"2023-10-04T10:38:37+00:00\",\"breadcrumb\":{\"@id\":\"https:\/\/josejiliberto.com\/en\/about-us\/#breadcrumb\"},\"inLanguage\":\"en-US\",\"potentialAction\":[{\"@type\":\"ReadAction\",\"target\":[\"https:\/\/josejiliberto.com\/en\/about-us\/\"]}]},{\"@type\":\"BreadcrumbList\",\"@id\":\"https:\/\/josejiliberto.com\/en\/about-us\/#breadcrumb\",\"itemListElement\":[{\"@type\":\"ListItem\",\"position\":1,\"name\":\"Portada\",\"item\":\"https:\/\/josejiliberto.com\/en\/\"},{\"@type\":\"ListItem\",\"position\":2,\"name\":\"About Us\"}]},{\"@type\":\"WebSite\",\"@id\":\"https:\/\/josejiliberto.com\/en\/#website\",\"url\":\"https:\/\/josejiliberto.com\/en\/\",\"name\":\"Jose Jiliberto\",\"description\":\"Estudio de arquitectura\",\"potentialAction\":[{\"@type\":\"SearchAction\",\"target\":{\"@type\":\"EntryPoint\",\"urlTemplate\":\"https:\/\/josejiliberto.com\/en\/?s={search_term_string}\"},\"query-input\":{\"@type\":\"PropertyValueSpecification\",\"valueRequired\":true,\"valueName\":\"search_term_string\"}}],\"inLanguage\":\"en-US\"}]}<\/script>\n<!-- \/ Yoast SEO plugin. -->","yoast_head_json":{"title":"About Us - Jose Jiliberto","robots":{"index":"index","follow":"follow","max-snippet":"max-snippet:-1","max-image-preview":"max-image-preview:large","max-video-preview":"max-video-preview:-1"},"canonical":"https:\/\/josejiliberto.com\/en\/about-us\/","og_locale":"en_US","og_type":"article","og_title":"About Us - Jose Jiliberto","og_url":"https:\/\/josejiliberto.com\/en\/about-us\/","og_site_name":"Jose Jiliberto","article_modified_time":"2023-10-04T10:38:37+00:00","twitter_card":"summary_large_image","twitter_misc":{"Est. reading time":"1 minute"},"schema":{"@context":"https:\/\/schema.org","@graph":[{"@type":"WebPage","@id":"https:\/\/josejiliberto.com\/en\/about-us\/","url":"https:\/\/josejiliberto.com\/en\/about-us\/","name":"About Us - Jose Jiliberto","isPartOf":{"@id":"https:\/\/josejiliberto.com\/en\/#website"},"datePublished":"2023-09-20T10:13:48+00:00","dateModified":"2023-10-04T10:38:37+00:00","breadcrumb":{"@id":"https:\/\/josejiliberto.com\/en\/about-us\/#breadcrumb"},"inLanguage":"en-US","potentialAction":[{"@type":"ReadAction","target":["https:\/\/josejiliberto.com\/en\/about-us\/"]}]},{"@type":"BreadcrumbList","@id":"https:\/\/josejiliberto.com\/en\/about-us\/#breadcrumb","itemListElement":[{"@type":"ListItem","position":1,"name":"Portada","item":"https:\/\/josejiliberto.com\/en\/"},{"@type":"ListItem","position":2,"name":"About Us"}]},{"@type":"WebSite","@id":"https:\/\/josejiliberto.com\/en\/#website","url":"https:\/\/josejiliberto.com\/en\/","name":"Jose Jiliberto","description":"Estudio de arquitectura","potentialAction":[{"@type":"SearchAction","target":{"@type":"EntryPoint","urlTemplate":"https:\/\/josejiliberto.com\/en\/?s={search_term_string}"},"query-input":{"@type":"PropertyValueSpecification","valueRequired":true,"valueName":"search_term_string"}}],"inLanguage":"en-US"}]}},"_links":{"self":[{"href":"https:\/\/josejiliberto.com\/en\/wp-json\/wp\/v2\/pages\/2286","targetHints":{"allow":["GET"]}}],"collection":[{"href":"https:\/\/josejiliberto.com\/en\/wp-json\/wp\/v2\/pages"}],"about":[{"href":"https:\/\/josejiliberto.com\/en\/wp-json\/wp\/v2\/types\/page"}],"author":[{"embeddable":true,"href":"https:\/\/josejiliberto.com\/en\/wp-json\/wp\/v2\/users\/1"}],"replies":[{"embeddable":true,"href":"https:\/\/josejiliberto.com\/en\/wp-json\/wp\/v2\/comments?post=2286"}],"version-history":[{"count":6,"href":"https:\/\/josejiliberto.com\/en\/wp-json\/wp\/v2\/pages\/2286\/revisions"}],"predecessor-version":[{"id":3677,"href":"https:\/\/josejiliberto.com\/en\/wp-json\/wp\/v2\/pages\/2286\/revisions\/3677"}],"wp:attachment":[{"href":"https:\/\/josejiliberto.com\/en\/wp-json\/wp\/v2\/media?parent=2286"}],"curies":[{"name":"wp","href":"https:\/\/api.w.org\/{rel}","templated":true}]}}