{"id":2283,"date":"2022-09-30T13:26:09","date_gmt":"2022-09-30T11:26:09","guid":{"rendered":"https:\/\/josejiliberto.com\/contact\/"},"modified":"2023-10-04T12:23:12","modified_gmt":"2023-10-04T10:23:12","slug":"contact","status":"publish","type":"page","link":"https:\/\/josejiliberto.com\/en\/contact\/","title":{"rendered":"Contact"},"content":{"rendered":"<section class=\"l-section wpb_row us_custom_793eca89 height_auto full_height valign_top width_full\"><div class=\"l-section-h i-cf\"><div class=\"g-cols vc_row via_flex valign_top type_default stacking_default\"><div class=\"vc_col-sm-12 wpb_column vc_column_container\"><div class=\"vc_column-inner\"><div class=\"wpb_wrapper\"><div class=\"w-separator size_huge\"><\/div><div class=\"g-cols wpb_row via_flex valign_top type_default stacking_default\"><div class=\"vc_col-sm-10 wpb_column vc_column_container\"><div class=\"vc_column-inner\"><div class=\"wpb_wrapper\"><div class=\"wpb_text_column\"><div class=\"wpb_wrapper\"><h1>Contact<\/h1>\n<\/div><\/div><\/div><\/div><\/div><div class=\"vc_col-sm-2 wpb_column vc_column_container\"><div class=\"vc_column-inner\"><div class=\"wpb_wrapper\"><\/div><\/div><\/div><\/div><div class=\"w-separator size_large\"><\/div><div class=\"g-cols wpb_row us_custom_6618e26b via_flex valign_top type_default stacking_default\"><div class=\"vc_col-sm-7 wpb_column vc_column_container\"><div class=\"vc_column-inner\"><div class=\"wpb_wrapper\">\n<div class=\"wpcf7 no-js\" id=\"wpcf7-f2671-o1\" lang=\"en-US\" dir=\"ltr\" data-wpcf7-id=\"2671\">\n<div class=\"screen-reader-response\"><p role=\"status\" aria-live=\"polite\" aria-atomic=\"true\"><\/p> <ul><\/ul><\/div>\n<form action=\"\/en\/wp-json\/wp\/v2\/pages\/2283#wpcf7-f2671-o1\" method=\"post\" class=\"wpcf7-form init wpcf7-acceptance-as-validation\" aria-label=\"Contact form\" novalidate=\"novalidate\" data-status=\"init\">\n<fieldset class=\"hidden-fields-container\"><input type=\"hidden\" name=\"_wpcf7\" value=\"2671\" \/><input type=\"hidden\" name=\"_wpcf7_version\" value=\"6.1.2\" \/><input type=\"hidden\" name=\"_wpcf7_locale\" value=\"en_US\" \/><input type=\"hidden\" name=\"_wpcf7_unit_tag\" value=\"wpcf7-f2671-o1\" \/><input type=\"hidden\" name=\"_wpcf7_container_post\" value=\"0\" \/><input type=\"hidden\" name=\"_wpcf7_posted_data_hash\" value=\"\" \/><input type=\"hidden\" name=\"_wpcf7_recaptcha_response\" value=\"\" \/>\n<\/fieldset>\n<div id=\"responsive-form\" class=\"clearfix\">\n\n   <div class=\"form-row\">\n           <label for=\"nombre\" class=\"icon-label1\">\n               <div class=\"column-full\"><i class=\"fal fa-user\" style=\"font-size: 1.25rem;\"><\/i><span class=\"label\">Name<\/span><span class=\"wpcf7-form-control-wrap\" data-name=\"nombre\"><input size=\"40\" maxlength=\"400\" class=\"wpcf7-form-control wpcf7-text wpcf7-validates-as-required\" id=\"nombre\" aria-required=\"true\" aria-invalid=\"false\" placeholder=\"Name*\" value=\"\" type=\"text\" name=\"nombre\" \/><\/span><\/div>\n           <\/label>\n   <\/div>\n\n   <div class=\"form-row\">\n           <label for=\"email\" class=\"icon-label2\">\n               <div class=\"column-full\"><i class=\"fal fa-envelope\" style=\"font-size: 1.25rem;\"><\/i><span class=\"label\">Email<\/span><span class=\"wpcf7-form-control-wrap\" data-name=\"email\"><input size=\"40\" maxlength=\"400\" class=\"wpcf7-form-control wpcf7-email wpcf7-validates-as-required wpcf7-text wpcf7-validates-as-email\" id=\"email\" aria-required=\"true\" aria-invalid=\"false\" placeholder=\"Email*\" value=\"\" type=\"email\" name=\"email\" \/><\/span><\/div>\n           <\/label>\n   <\/div>\n\n   <div class=\"form-row\">\n           <label for=\"phone\" class=\"icon-label3\">\n               <div class=\"column-full\"><i class=\"fal fa-phone\" style=\"font-size: 1.25rem;\"><\/i><span class=\"label\">Phone<\/span><span class=\"wpcf7-form-control-wrap\" data-name=\"phone\"><input size=\"40\" maxlength=\"400\" class=\"wpcf7-form-control wpcf7-tel wpcf7-validates-as-required wpcf7-text wpcf7-validates-as-tel\" id=\"phone\" aria-required=\"true\" aria-invalid=\"false\" placeholder=\"Phone*\" value=\"\" type=\"tel\" name=\"phone\" \/><\/span><\/div>\n           <\/label>\n   <\/div>\n\n   <div class=\"form-row\">\n           <label for=\"message\" class=\"icon-label4\">\n               <div class=\"column-full\"><i class=\"fal fa-pen\" style=\"font-size: 1.25rem;\"><\/i><span class=\"label\">Message<\/span><span class=\"wpcf7-form-control-wrap\" data-name=\"message\"><textarea cols=\"40\" rows=\"10\" maxlength=\"2000\" class=\"wpcf7-form-control wpcf7-textarea\" id=\"message\" aria-invalid=\"false\" placeholder=\"Message...\" name=\"message\"><\/textarea><\/span><\/div> \n           <\/label>\n   <\/div>\n\n   <div class=\"form-row\">\n         <div class=\"column-full\"><label for=\"legal-1\"><span class=\"wpcf7-form-control-wrap\" data-name=\"legal-1\"><span class=\"wpcf7-form-control wpcf7-acceptance\"><span class=\"wpcf7-list-item\"><label><input type=\"checkbox\" name=\"legal-1\" value=\"1\" id=\"legal-1\" aria-invalid=\"false\" \/><span class=\"wpcf7-list-item-label\">I have read and accept the <a target=\"_blank\" rel=\"nofollow\" href=\"\/politica-de-privacidad\/\">privacy policy<\/a>.<\/span><\/label><\/span><\/span><\/span><\/label><\/div>\n   <\/div>\n \n   <div class=\"form-row\">\n         <div class=\"column-full\"><input class=\"wpcf7-form-control wpcf7-submit has-spinner\" type=\"submit\" value=\"Submit\" \/><\/div>\n   <\/div>\n\n<\/div><div class=\"wpcf7-response-output\" aria-hidden=\"true\"><\/div>\n<\/form>\n<\/div>\n<\/div><\/div><\/div><div class=\"vc_col-sm-3 wpb_column vc_column_container\"><div class=\"vc_column-inner\"><div class=\"wpb_wrapper\"><div class=\"w-vwrapper align_none valign_top\"><div class=\"w-contacts\"><div class=\"w-contacts-list\"><div class=\"w-contacts-item for_phone\"><span class=\"w-contacts-item-value\">+34951993591<\/span><\/div><\/div><\/div><div class=\"w-contacts\"><div class=\"w-contacts-list\"><div class=\"w-contacts-item for_email\"><span class=\"w-contacts-item-value\"><a href=\"mailto:estudio@josejiliberto.com\">estudio@josejiliberto.com<\/a><\/span><\/div><\/div><\/div><div class=\"w-contacts\"><div class=\"w-contacts-list\"><div class=\"w-contacts-item for_address\"><span class=\"w-contacts-item-value\">1\u00baG, Plaza Benigno Santiago Pe\u00f1a, 4, 29013 M\u00e1laga, Espa\u00f1a<\/span><\/div><\/div><\/div><\/div><\/div><\/div><\/div><div class=\"vc_col-sm-2 wpb_column vc_column_container\"><div class=\"vc_column-inner\"><div class=\"wpb_wrapper\"><\/div><\/div><\/div><\/div><div class=\"w-separator size_large\"><\/div><div class=\"g-cols wpb_row us_custom_6618e26b via_flex valign_middle type_default stacking_default\"><div class=\"vc_col-sm-9 wpb_column vc_column_container\"><div class=\"vc_column-inner\"><div class=\"wpb_wrapper\"><div class=\"w-html\"><iframe data-src=\"https:\/\/www.google.com\/maps\/embed?pb=!1m18!1m12!1m3!1d3197.767981182542!2d-4.41777442416494!3d36.72813317226787!2m3!1f0!2f0!3f0!3m2!1i1024!2i768!4f13.1!3m3!1m2!1s0xd72f7c6dbbcbfeb%3A0x90d9d1ba57bf2083!2sestudio%20de%20arquitectura%20Jos%C3%A9%20Jiliberto!5e0!3m2!1sen!2ses!4v1695209226408!5m2!1sen!2ses\" style=\"width: 100%; height: 450px; border: 0;\" allowfullscreen=\"\" referrerpolicy=\"no-referrer-when-downgrade\" src=\"data:image\/svg+xml;base64,PHN2ZyB3aWR0aD0iMSIgaGVpZ2h0PSIxIiB4bWxucz0iaHR0cDovL3d3dy53My5vcmcvMjAwMC9zdmciPjwvc3ZnPg==\" class=\"lazyload\" data-load-mode=\"1\"><\/iframe><\/div><\/div><\/div><\/div><div class=\"vc_col-sm-3 wpb_column vc_column_container\"><div class=\"vc_column-inner\"><div class=\"wpb_wrapper\"><\/div><\/div><\/div><\/div><div class=\"w-image us_custom_6b69c2c7 hide_on_tablets hide_on_mobiles has_height align_none\"><a href=\"https:\/\/josejiliberto.com\/en\/\" aria-label=\"titulo\" class=\"w-image-h\"><img decoding=\"async\" width=\"591\" height=\"145\" data-src=\"https:\/\/josejiliberto.com\/wp-content\/uploads\/2023\/10\/titulo.png\" class=\"attachment-full size-full lazyload\" alt=\"\" data-srcset=\"https:\/\/josejiliberto.com\/wp-content\/uploads\/2023\/10\/titulo.png 591w, https:\/\/josejiliberto.com\/wp-content\/uploads\/2023\/10\/titulo-300x74.png 300w\" data-sizes=\"auto, (max-width: 591px) 100vw, 591px\" src=\"data:image\/svg+xml;base64,PHN2ZyB3aWR0aD0iMSIgaGVpZ2h0PSIxIiB4bWxucz0iaHR0cDovL3d3dy53My5vcmcvMjAwMC9zdmciPjwvc3ZnPg==\" style=\"--smush-placeholder-width: 591px; --smush-placeholder-aspect-ratio: 591\/145;\" \/><\/a><\/div><\/div><\/div><\/div><\/div><\/div><\/section>\n","protected":false},"excerpt":{"rendered":"Contact Name Email Phone Message I have read and accept the privacy policy. +34951993591estudio@josejiliberto.com1\u00baG, Plaza Benigno Santiago Pe\u00f1a, 4, 29013 M\u00e1laga, Espa\u00f1a","protected":false},"author":1,"featured_media":0,"parent":0,"menu_order":0,"comment_status":"closed","ping_status":"closed","template":"","meta":{"footnotes":""},"class_list":["post-2283","page","type-page","status-publish","hentry"],"yoast_head":"<!-- This site is optimized with the Yoast SEO plugin v26.2 - https:\/\/yoast.com\/wordpress\/plugins\/seo\/ -->\n<title>Contact - Jose Jiliberto<\/title>\n<meta name=\"robots\" content=\"index, follow, max-snippet:-1, max-image-preview:large, max-video-preview:-1\" \/>\n<link rel=\"canonical\" href=\"https:\/\/josejiliberto.com\/en\/contact\/\" \/>\n<meta property=\"og:locale\" content=\"en_US\" \/>\n<meta property=\"og:type\" content=\"article\" \/>\n<meta property=\"og:title\" content=\"Contact - Jose Jiliberto\" \/>\n<meta property=\"og:url\" content=\"https:\/\/josejiliberto.com\/en\/contact\/\" \/>\n<meta property=\"og:site_name\" content=\"Jose Jiliberto\" \/>\n<meta property=\"article:modified_time\" content=\"2023-10-04T10:23:12+00:00\" \/>\n<meta name=\"twitter:card\" content=\"summary_large_image\" \/>\n<meta name=\"twitter:label1\" content=\"Est. reading time\" \/>\n\t<meta name=\"twitter:data1\" content=\"1 minute\" \/>\n<script type=\"application\/ld+json\" class=\"yoast-schema-graph\">{\"@context\":\"https:\/\/schema.org\",\"@graph\":[{\"@type\":\"WebPage\",\"@id\":\"https:\/\/josejiliberto.com\/en\/contact\/\",\"url\":\"https:\/\/josejiliberto.com\/en\/contact\/\",\"name\":\"Contact - Jose Jiliberto\",\"isPartOf\":{\"@id\":\"https:\/\/josejiliberto.com\/en\/#website\"},\"datePublished\":\"2022-09-30T11:26:09+00:00\",\"dateModified\":\"2023-10-04T10:23:12+00:00\",\"breadcrumb\":{\"@id\":\"https:\/\/josejiliberto.com\/en\/contact\/#breadcrumb\"},\"inLanguage\":\"en-US\",\"potentialAction\":[{\"@type\":\"ReadAction\",\"target\":[\"https:\/\/josejiliberto.com\/en\/contact\/\"]}]},{\"@type\":\"BreadcrumbList\",\"@id\":\"https:\/\/josejiliberto.com\/en\/contact\/#breadcrumb\",\"itemListElement\":[{\"@type\":\"ListItem\",\"position\":1,\"name\":\"Portada\",\"item\":\"https:\/\/josejiliberto.com\/en\/\"},{\"@type\":\"ListItem\",\"position\":2,\"name\":\"Contact\"}]},{\"@type\":\"WebSite\",\"@id\":\"https:\/\/josejiliberto.com\/en\/#website\",\"url\":\"https:\/\/josejiliberto.com\/en\/\",\"name\":\"Jose Jiliberto\",\"description\":\"Estudio de arquitectura\",\"potentialAction\":[{\"@type\":\"SearchAction\",\"target\":{\"@type\":\"EntryPoint\",\"urlTemplate\":\"https:\/\/josejiliberto.com\/en\/?s={search_term_string}\"},\"query-input\":{\"@type\":\"PropertyValueSpecification\",\"valueRequired\":true,\"valueName\":\"search_term_string\"}}],\"inLanguage\":\"en-US\"}]}<\/script>\n<!-- \/ Yoast SEO plugin. -->","yoast_head_json":{"title":"Contact - Jose Jiliberto","robots":{"index":"index","follow":"follow","max-snippet":"max-snippet:-1","max-image-preview":"max-image-preview:large","max-video-preview":"max-video-preview:-1"},"canonical":"https:\/\/josejiliberto.com\/en\/contact\/","og_locale":"en_US","og_type":"article","og_title":"Contact - Jose Jiliberto","og_url":"https:\/\/josejiliberto.com\/en\/contact\/","og_site_name":"Jose Jiliberto","article_modified_time":"2023-10-04T10:23:12+00:00","twitter_card":"summary_large_image","twitter_misc":{"Est. reading time":"1 minute"},"schema":{"@context":"https:\/\/schema.org","@graph":[{"@type":"WebPage","@id":"https:\/\/josejiliberto.com\/en\/contact\/","url":"https:\/\/josejiliberto.com\/en\/contact\/","name":"Contact - Jose Jiliberto","isPartOf":{"@id":"https:\/\/josejiliberto.com\/en\/#website"},"datePublished":"2022-09-30T11:26:09+00:00","dateModified":"2023-10-04T10:23:12+00:00","breadcrumb":{"@id":"https:\/\/josejiliberto.com\/en\/contact\/#breadcrumb"},"inLanguage":"en-US","potentialAction":[{"@type":"ReadAction","target":["https:\/\/josejiliberto.com\/en\/contact\/"]}]},{"@type":"BreadcrumbList","@id":"https:\/\/josejiliberto.com\/en\/contact\/#breadcrumb","itemListElement":[{"@type":"ListItem","position":1,"name":"Portada","item":"https:\/\/josejiliberto.com\/en\/"},{"@type":"ListItem","position":2,"name":"Contact"}]},{"@type":"WebSite","@id":"https:\/\/josejiliberto.com\/en\/#website","url":"https:\/\/josejiliberto.com\/en\/","name":"Jose Jiliberto","description":"Estudio de arquitectura","potentialAction":[{"@type":"SearchAction","target":{"@type":"EntryPoint","urlTemplate":"https:\/\/josejiliberto.com\/en\/?s={search_term_string}"},"query-input":{"@type":"PropertyValueSpecification","valueRequired":true,"valueName":"search_term_string"}}],"inLanguage":"en-US"}]}},"_links":{"self":[{"href":"https:\/\/josejiliberto.com\/en\/wp-json\/wp\/v2\/pages\/2283","targetHints":{"allow":["GET"]}}],"collection":[{"href":"https:\/\/josejiliberto.com\/en\/wp-json\/wp\/v2\/pages"}],"about":[{"href":"https:\/\/josejiliberto.com\/en\/wp-json\/wp\/v2\/types\/page"}],"author":[{"embeddable":true,"href":"https:\/\/josejiliberto.com\/en\/wp-json\/wp\/v2\/users\/1"}],"replies":[{"embeddable":true,"href":"https:\/\/josejiliberto.com\/en\/wp-json\/wp\/v2\/comments?post=2283"}],"version-history":[{"count":11,"href":"https:\/\/josejiliberto.com\/en\/wp-json\/wp\/v2\/pages\/2283\/revisions"}],"predecessor-version":[{"id":3637,"href":"https:\/\/josejiliberto.com\/en\/wp-json\/wp\/v2\/pages\/2283\/revisions\/3637"}],"wp:attachment":[{"href":"https:\/\/josejiliberto.com\/en\/wp-json\/wp\/v2\/media?parent=2283"}],"curies":[{"name":"wp","href":"https:\/\/api.w.org\/{rel}","templated":true}]}}